{"id":12,"date":"2020-06-29T10:50:39","date_gmt":"2020-06-29T08:50:39","guid":{"rendered":"http:\/\/sogatec-service.de\/wordpress\/?page_id=12"},"modified":"2020-08-13T07:50:48","modified_gmt":"2020-08-13T05:50:48","slug":"das-neue-museum-oeffnet-seine-tueren-2","status":"publish","type":"page","link":"https:\/\/sogatec-service.de\/wordpress\/","title":{"rendered":"Herzlich Willkommen!"},"content":{"rendered":"\n<div class=\"is-layout-flow wp-block-group alignwide\"><div class=\"wp-block-group__inner-container\">\n<p><\/p>\n<\/div><\/div>\n\n\n\n<div class=\"is-layout-flow wp-block-group alignwide\"><div class=\"wp-block-group__inner-container\">\n<p class=\"has-medium-font-size\"><strong>Wer sind wir? <\/strong><\/p>\n\n\n\n<p>Wir sind ein im November 2016 gegr\u00fcndetes Serviceunternehmen, das Anlagenwartungen und Kleinmontagen ( Ventilknoten) durchf\u00fchrt.<\/p>\n\n\n\n<p>Unsere Mitarbeiter sind auf diverse Ventiltypen geschult worden (Evoguard, SPX, GEA, Alfa Laval, Aseptomac, S\u00fcdmo, AWH, Rieger und Kieselmann). Die Servicemonteure sind alle schon seit langer Zeit im Anlagenwartungsgesch\u00e4ft t\u00e4tig und warten neben Ventilen auch Pumpen und Plattenapparate. Die Spezialwerkzeuge, die f\u00fcr die verschieden Ventiltypen ben\u00f6tigt werden, besitzt unsere Firma selber. Von\u00a0 unserem B\u00fcro in Castrop k\u00f6nnen wir Ihnen auch Ersatzteilpakete von verschieden Lieferanten anbieten. Wir werden von folgenden Firmen beliefert (GEA, Aseptomac, SPX, Evoguard, Alfa Laval, Spirax Sarco, S\u00fcdmo, AWH, Rieger, Neumo, Gem\u00fc, E&amp;H, Schmidt Bretten, Kelvion, Heize, Samson, M&amp;S, Nocado, \u00a0Bran &amp; L\u00fcbbe, KPA, \u00a0Ampco (Drehkolben und Kreiskolbenpumpen) und div. Andere. Wenn Sie in Ihren Anlagen verschiedene Komponenten eingesetzt haben, k\u00f6nnen Sie sich alles zusammen von der SoGa Tec GmbH anbieten lassen und m\u00fcssen nicht bei vielen verschieden Firmen anfragen. Sie bekommen von uns ein Angebot \u00fcber die angefragten Ersatzteile und Dichts\u00e4tze und ein Angebot \u00fcber den Personalaufwand der erforderlichen Wartungsarbeiten. Im n\u00e4chsten Stepp wird das Zeitfenster festgelegt, in dem die Wartung durchgef\u00fchrt werden soll. Wenn es dann zum Auftrag kommt, wird Ihnen nach der Wartung eine Wartungsdokumentation \u00fcbergeben, aus der Sie den Zustand der Ventildichtungen ersehen k\u00f6nnen. Das selbe Arbeitsprinzip f\u00fchren wir auch bei den Plattenapparaten durch. Entweder wir gummieren vor Ort oder, wenn es das Zeitfenster erlaubt, senden wir das Plattenpaket in ein Refurbishment Center, lassen es entgummieren, reinigen, pr\u00fcfen (auf Durchbr\u00fcche) neugummieren und es wird eingebaut. Unser Serviceteam bleibt so lange vor Ort, bis eine Druckprobe (CIP) oder Sterilfahrt durchgef\u00fchrt w\u00fcrde. Auf besonderen Wunsch kann an dem Plattenapparat vor Ort auch eine Dichtheitspr\u00fcfung mittels Gas durchgef\u00fchrt werden. Daf\u00fcr arbeiten wir mit einer externen Fachfirma zusammen. Wir haben unseren Mitarbeiterstamm 2020\u00a0 um einen Softwerker, Verfahrenstechniker und zwei Servicetechniker erweitert.<\/p>\n\n\n\n<p>Wenn wir Ihr Interesse an einer Zusammenarbeit geweckt haben sollten, w\u00fcrden wir uns \u00fcber Ihre Anfragen freuen.<\/p>\n\n\n\n<div class=\"wp-block-image\"><figure class=\"alignleft size-medium is-resized\"><img decoding=\"async\" loading=\"lazy\" src=\"http:\/\/sogatec-service.de\/wordpress\/wp-content\/uploads\/2020\/06\/IMG_2577-225x300.jpg\" alt=\"\" class=\"wp-image-40\" width=\"225\" height=\"300\" srcset=\"https:\/\/sogatec-service.de\/wordpress\/wp-content\/uploads\/2020\/06\/IMG_2577-225x300.jpg 225w, https:\/\/sogatec-service.de\/wordpress\/wp-content\/uploads\/2020\/06\/IMG_2577-768x1024.jpg 768w, https:\/\/sogatec-service.de\/wordpress\/wp-content\/uploads\/2020\/06\/IMG_2577-1152x1536.jpg 1152w, https:\/\/sogatec-service.de\/wordpress\/wp-content\/uploads\/2020\/06\/IMG_2577-1536x2048.jpg 1536w, https:\/\/sogatec-service.de\/wordpress\/wp-content\/uploads\/2020\/06\/IMG_2577-scaled.jpg 1920w\" sizes=\"(max-width: 225px) 100vw, 225px\" \/><\/figure><\/div>\n\n\n\n<figure class=\"wp-block-image size-medium\"><img decoding=\"async\" loading=\"lazy\" width=\"225\" height=\"300\" src=\"http:\/\/sogatec-service.de\/wordpress\/wp-content\/uploads\/2020\/07\/IMG_2568-225x300.jpg\" alt=\"\" class=\"wp-image-78\" srcset=\"https:\/\/sogatec-service.de\/wordpress\/wp-content\/uploads\/2020\/07\/IMG_2568-225x300.jpg 225w, https:\/\/sogatec-service.de\/wordpress\/wp-content\/uploads\/2020\/07\/IMG_2568-768x1024.jpg 768w, https:\/\/sogatec-service.de\/wordpress\/wp-content\/uploads\/2020\/07\/IMG_2568-1152x1536.jpg 1152w, https:\/\/sogatec-service.de\/wordpress\/wp-content\/uploads\/2020\/07\/IMG_2568-1536x2048.jpg 1536w, https:\/\/sogatec-service.de\/wordpress\/wp-content\/uploads\/2020\/07\/IMG_2568-scaled.jpg 1920w\" sizes=\"(max-width: 225px) 100vw, 225px\" \/><\/figure>\n\n\n\n<p><\/p>\n<\/div><\/div>\n\n\n\n<p><\/p>\n","protected":false},"excerpt":{"rendered":"<p>Wer sind wir? Wir sind ein im November 2016 gegr\u00fcndetes Serviceunternehmen, das Anlagenwartungen und Kleinmontagen ( Ventilknoten) durchf\u00fchrt. Unsere Mitarbeiter sind auf diverse Ventiltypen geschult worden (Evoguard, SPX, GEA, Alfa Laval, Aseptomac, S\u00fcdmo, AWH, Rieger und Kieselmann). Die Servicemonteure sind alle schon seit langer Zeit im Anlagenwartungsgesch\u00e4ft t\u00e4tig und warten neben Ventilen auch Pumpen und [&hellip;]<\/p>\n","protected":false},"author":1,"featured_media":0,"parent":0,"menu_order":0,"comment_status":"closed","ping_status":"closed","template":"","meta":[],"yoast_head":"<!-- This site is optimized with the Yoast SEO plugin v15.0 - https:\/\/yoast.com\/wordpress\/plugins\/seo\/ -->\n<title>Herzlich Willkommen! - Soga Tec GmbH<\/title>\n<meta name=\"robots\" content=\"index, follow, max-snippet:-1, max-image-preview:large, max-video-preview:-1\" \/>\n<link rel=\"canonical\" href=\"https:\/\/sogatec-service.de\/wordpress\/\" \/>\n<meta property=\"og:locale\" content=\"de_DE\" \/>\n<meta property=\"og:type\" content=\"article\" \/>\n<meta property=\"og:title\" content=\"Herzlich Willkommen! - Soga Tec GmbH\" \/>\n<meta property=\"og:description\" content=\"Wer sind wir? Wir sind ein im November 2016 gegr\u00fcndetes Serviceunternehmen, das Anlagenwartungen und Kleinmontagen ( Ventilknoten) durchf\u00fchrt. Unsere Mitarbeiter sind auf diverse Ventiltypen geschult worden (Evoguard, SPX, GEA, Alfa Laval, Aseptomac, S\u00fcdmo, AWH, Rieger und Kieselmann). Die Servicemonteure sind alle schon seit langer Zeit im Anlagenwartungsgesch\u00e4ft t\u00e4tig und warten neben Ventilen auch Pumpen und [&hellip;]\" \/>\n<meta property=\"og:url\" content=\"https:\/\/sogatec-service.de\/wordpress\/\" \/>\n<meta property=\"og:site_name\" content=\"Soga Tec GmbH\" \/>\n<meta property=\"article:modified_time\" content=\"2020-08-13T05:50:48+00:00\" \/>\n<meta property=\"og:image\" content=\"http:\/\/sogatec-service.de\/wordpress\/wp-content\/uploads\/2020\/06\/IMG_2577-225x300.jpg\" \/>\n<meta name=\"twitter:card\" content=\"summary_large_image\" \/>\n<script type=\"application\/ld+json\" class=\"yoast-schema-graph\">{\"@context\":\"https:\/\/schema.org\",\"@graph\":[{\"@type\":\"Organization\",\"@id\":\"https:\/\/sogatec-service.de\/wordpress\/#organization\",\"name\":\"Sogatec-Service GmbH\",\"url\":\"https:\/\/sogatec-service.de\/wordpress\/\",\"sameAs\":[],\"logo\":{\"@type\":\"ImageObject\",\"@id\":\"https:\/\/sogatec-service.de\/wordpress\/#logo\",\"inLanguage\":\"de\",\"url\":\"https:\/\/sogatec-service.de\/wordpress\/wp-content\/uploads\/2020\/09\/Firmenlogo.gif\",\"width\":1484,\"height\":539,\"caption\":\"Sogatec-Service GmbH\"},\"image\":{\"@id\":\"https:\/\/sogatec-service.de\/wordpress\/#logo\"}},{\"@type\":\"WebSite\",\"@id\":\"https:\/\/sogatec-service.de\/wordpress\/#website\",\"url\":\"https:\/\/sogatec-service.de\/wordpress\/\",\"name\":\"Sogatec -Service GmbH\",\"description\":\"Service mit System\",\"publisher\":{\"@id\":\"https:\/\/sogatec-service.de\/wordpress\/#organization\"},\"potentialAction\":[{\"@type\":\"SearchAction\",\"target\":\"https:\/\/sogatec-service.de\/wordpress\/?s={search_term_string}\",\"query-input\":\"required name=search_term_string\"}],\"inLanguage\":\"de\"},{\"@type\":\"ImageObject\",\"@id\":\"https:\/\/sogatec-service.de\/wordpress\/#primaryimage\",\"inLanguage\":\"de\",\"url\":\"http:\/\/sogatec-service.de\/wordpress\/wp-content\/uploads\/2020\/06\/IMG_2577-225x300.jpg\"},{\"@type\":\"WebPage\",\"@id\":\"https:\/\/sogatec-service.de\/wordpress\/#webpage\",\"url\":\"https:\/\/sogatec-service.de\/wordpress\/\",\"name\":\"Herzlich Willkommen! - Soga Tec GmbH\",\"isPartOf\":{\"@id\":\"https:\/\/sogatec-service.de\/wordpress\/#website\"},\"primaryImageOfPage\":{\"@id\":\"https:\/\/sogatec-service.de\/wordpress\/#primaryimage\"},\"datePublished\":\"2020-06-29T08:50:39+00:00\",\"dateModified\":\"2020-08-13T05:50:48+00:00\",\"inLanguage\":\"de\",\"potentialAction\":[{\"@type\":\"ReadAction\",\"target\":[\"https:\/\/sogatec-service.de\/wordpress\/\"]}]}]}<\/script>\n<!-- \/ Yoast SEO plugin. -->","_links":{"self":[{"href":"https:\/\/sogatec-service.de\/wordpress\/wp-json\/wp\/v2\/pages\/12"}],"collection":[{"href":"https:\/\/sogatec-service.de\/wordpress\/wp-json\/wp\/v2\/pages"}],"about":[{"href":"https:\/\/sogatec-service.de\/wordpress\/wp-json\/wp\/v2\/types\/page"}],"author":[{"embeddable":true,"href":"https:\/\/sogatec-service.de\/wordpress\/wp-json\/wp\/v2\/users\/1"}],"replies":[{"embeddable":true,"href":"https:\/\/sogatec-service.de\/wordpress\/wp-json\/wp\/v2\/comments?post=12"}],"version-history":[{"count":11,"href":"https:\/\/sogatec-service.de\/wordpress\/wp-json\/wp\/v2\/pages\/12\/revisions"}],"predecessor-version":[{"id":90,"href":"https:\/\/sogatec-service.de\/wordpress\/wp-json\/wp\/v2\/pages\/12\/revisions\/90"}],"wp:attachment":[{"href":"https:\/\/sogatec-service.de\/wordpress\/wp-json\/wp\/v2\/media?parent=12"}],"curies":[{"name":"wp","href":"https:\/\/api.w.org\/{rel}","templated":true}]}}