{"id":60,"date":"2020-06-29T11:38:12","date_gmt":"2020-06-29T09:38:12","guid":{"rendered":"http:\/\/sogatec-service.de\/wordpress\/?page_id=60"},"modified":"2020-10-09T07:57:47","modified_gmt":"2020-10-09T05:57:47","slug":"impressum","status":"publish","type":"page","link":"https:\/\/sogatec-service.de\/wordpress\/impressum\/","title":{"rendered":"Impressum"},"content":{"rendered":"\n<p>Soga Tec  GmbH  Service mit System <\/p>\n\n\n\n<p> Grimberger Feld 12, D &#8211; 44653 Herne<\/p>\n\n\n\n<p>Gesch\u00e4ftsf\u00fchrerin: Regina Gabryzczak <\/p>\n\n\n\n<p>Gesch\u00e4ftsf\u00fchrender Gesellschafter: Olaf Sommerfeld<\/p>\n\n\n\n<p>Steuernummer: 325\/5850\/1019&nbsp;&nbsp;&nbsp;&nbsp;&nbsp;&nbsp;&nbsp;&nbsp;&nbsp;&nbsp;&nbsp;&nbsp;&nbsp;&nbsp;&nbsp;&nbsp;&nbsp;&nbsp;&nbsp;&nbsp;&nbsp;<\/p>\n\n\n\n<p>USt.-ID: &nbsp;DE308978453&nbsp;<\/p>\n\n\n\n<p>HR Bochum:  16479<\/p>\n\n\n\n<p><\/p>\n","protected":false},"excerpt":{"rendered":"<p>Soga Tec GmbH Service mit System Grimberger Feld 12, D &#8211; 44653 Herne Gesch\u00e4ftsf\u00fchrerin: Regina Gabryzczak Gesch\u00e4ftsf\u00fchrender Gesellschafter: Olaf Sommerfeld Steuernummer: 325\/5850\/1019&nbsp;&nbsp;&nbsp;&nbsp;&nbsp;&nbsp;&nbsp;&nbsp;&nbsp;&nbsp;&nbsp;&nbsp;&nbsp;&nbsp;&nbsp;&nbsp;&nbsp;&nbsp;&nbsp;&nbsp;&nbsp; USt.-ID: &nbsp;DE308978453&nbsp; HR Bochum: 16479<\/p>\n","protected":false},"author":1,"featured_media":0,"parent":0,"menu_order":0,"comment_status":"closed","ping_status":"closed","template":"","meta":[],"yoast_head":"<!-- This site is optimized with the Yoast SEO plugin v15.0 - https:\/\/yoast.com\/wordpress\/plugins\/seo\/ -->\n<title>Impressum - Soga Tec GmbH<\/title>\n<meta name=\"robots\" content=\"index, follow, max-snippet:-1, max-image-preview:large, max-video-preview:-1\" \/>\n<link rel=\"canonical\" href=\"https:\/\/sogatec-service.de\/wordpress\/impressum\/\" \/>\n<meta property=\"og:locale\" content=\"de_DE\" \/>\n<meta property=\"og:type\" content=\"article\" \/>\n<meta property=\"og:title\" content=\"Impressum - Soga Tec GmbH\" \/>\n<meta property=\"og:description\" content=\"Soga Tec GmbH Service mit System Grimberger Feld 12, D &#8211; 44653 Herne Gesch\u00e4ftsf\u00fchrerin: Regina Gabryzczak Gesch\u00e4ftsf\u00fchrender Gesellschafter: Olaf Sommerfeld Steuernummer: 325\/5850\/1019&nbsp;&nbsp;&nbsp;&nbsp;&nbsp;&nbsp;&nbsp;&nbsp;&nbsp;&nbsp;&nbsp;&nbsp;&nbsp;&nbsp;&nbsp;&nbsp;&nbsp;&nbsp;&nbsp;&nbsp;&nbsp; USt.-ID: &nbsp;DE308978453&nbsp; HR Bochum: 16479\" \/>\n<meta property=\"og:url\" content=\"https:\/\/sogatec-service.de\/wordpress\/impressum\/\" \/>\n<meta property=\"og:site_name\" content=\"Soga Tec GmbH\" \/>\n<meta property=\"article:modified_time\" content=\"2020-10-09T05:57:47+00:00\" \/>\n<meta name=\"twitter:card\" content=\"summary_large_image\" \/>\n<script type=\"application\/ld+json\" class=\"yoast-schema-graph\">{\"@context\":\"https:\/\/schema.org\",\"@graph\":[{\"@type\":\"Organization\",\"@id\":\"https:\/\/sogatec-service.de\/wordpress\/#organization\",\"name\":\"Sogatec-Service GmbH\",\"url\":\"https:\/\/sogatec-service.de\/wordpress\/\",\"sameAs\":[],\"logo\":{\"@type\":\"ImageObject\",\"@id\":\"https:\/\/sogatec-service.de\/wordpress\/#logo\",\"inLanguage\":\"de\",\"url\":\"https:\/\/sogatec-service.de\/wordpress\/wp-content\/uploads\/2020\/09\/Firmenlogo.gif\",\"width\":1484,\"height\":539,\"caption\":\"Sogatec-Service GmbH\"},\"image\":{\"@id\":\"https:\/\/sogatec-service.de\/wordpress\/#logo\"}},{\"@type\":\"WebSite\",\"@id\":\"https:\/\/sogatec-service.de\/wordpress\/#website\",\"url\":\"https:\/\/sogatec-service.de\/wordpress\/\",\"name\":\"Sogatec -Service GmbH\",\"description\":\"Service mit System\",\"publisher\":{\"@id\":\"https:\/\/sogatec-service.de\/wordpress\/#organization\"},\"potentialAction\":[{\"@type\":\"SearchAction\",\"target\":\"https:\/\/sogatec-service.de\/wordpress\/?s={search_term_string}\",\"query-input\":\"required name=search_term_string\"}],\"inLanguage\":\"de\"},{\"@type\":\"WebPage\",\"@id\":\"https:\/\/sogatec-service.de\/wordpress\/impressum\/#webpage\",\"url\":\"https:\/\/sogatec-service.de\/wordpress\/impressum\/\",\"name\":\"Impressum - Soga Tec GmbH\",\"isPartOf\":{\"@id\":\"https:\/\/sogatec-service.de\/wordpress\/#website\"},\"datePublished\":\"2020-06-29T09:38:12+00:00\",\"dateModified\":\"2020-10-09T05:57:47+00:00\",\"inLanguage\":\"de\",\"potentialAction\":[{\"@type\":\"ReadAction\",\"target\":[\"https:\/\/sogatec-service.de\/wordpress\/impressum\/\"]}]}]}<\/script>\n<!-- \/ Yoast SEO plugin. -->","_links":{"self":[{"href":"https:\/\/sogatec-service.de\/wordpress\/wp-json\/wp\/v2\/pages\/60"}],"collection":[{"href":"https:\/\/sogatec-service.de\/wordpress\/wp-json\/wp\/v2\/pages"}],"about":[{"href":"https:\/\/sogatec-service.de\/wordpress\/wp-json\/wp\/v2\/types\/page"}],"author":[{"embeddable":true,"href":"https:\/\/sogatec-service.de\/wordpress\/wp-json\/wp\/v2\/users\/1"}],"replies":[{"embeddable":true,"href":"https:\/\/sogatec-service.de\/wordpress\/wp-json\/wp\/v2\/comments?post=60"}],"version-history":[{"count":8,"href":"https:\/\/sogatec-service.de\/wordpress\/wp-json\/wp\/v2\/pages\/60\/revisions"}],"predecessor-version":[{"id":98,"href":"https:\/\/sogatec-service.de\/wordpress\/wp-json\/wp\/v2\/pages\/60\/revisions\/98"}],"wp:attachment":[{"href":"https:\/\/sogatec-service.de\/wordpress\/wp-json\/wp\/v2\/media?parent=60"}],"curies":[{"name":"wp","href":"https:\/\/api.w.org\/{rel}","templated":true}]}}